{"id":685,"date":"2020-08-17T15:30:09","date_gmt":"2020-08-17T15:30:09","guid":{"rendered":"https:\/\/alianzanorte.org\/?page_id=685"},"modified":"2024-05-16T13:39:35","modified_gmt":"2024-05-16T18:39:35","slug":"685-2","status":"publish","type":"page","link":"https:\/\/alianzanorte.org\/index.php\/685-2\/","title":{"rendered":"Academia B\u00edblica"},"content":{"rendered":"<p>[et_pb_section fb_built=\u00bb1&#8243; fullwidth=\u00bbon\u00bb _builder_version=\u00bb4.16&#8243; _module_preset=\u00bbdefault\u00bb global_colors_info=\u00bb{}\u00bb][et_pb_fullwidth_image src=\u00bbhttps:\/\/alianzanorte.org\/wp-content\/uploads\/2021\/03\/Banner-academia-2.jpg\u00bb title_text=\u00bbBanner-academia-2&#8243; _builder_version=\u00bb4.16&#8243; _module_preset=\u00bbdefault\u00bb global_colors_info=\u00bb{}\u00bb][\/et_pb_fullwidth_image][\/et_pb_section][et_pb_section fb_built=\u00bb1&#8243; _builder_version=\u00bb4.16&#8243; _module_preset=\u00bbdefault\u00bb custom_padding=\u00bb||8px|||\u00bb global_colors_info=\u00bb{}\u00bb][et_pb_row column_structure=\u00bb1_2,1_2&#8243; _builder_version=\u00bb4.16&#8243; _module_preset=\u00bbdefault\u00bb global_colors_info=\u00bb{}\u00bb][et_pb_column type=\u00bb1_2&#8243; _builder_version=\u00bb4.16&#8243; _module_preset=\u00bbdefault\u00bb global_colors_info=\u00bb{}\u00bb][et_pb_text content_tablet=\u00bb\u00bb content_phone=\u00bb<\/p>\n<p style=%22text-align: center;%22>Academia B\u00edblica<\/p>\n<p>\u00bb content_last_edited=\u00bbon|phone\u00bb _builder_version=\u00bb4.16&#8243; _module_preset=\u00bbdefault\u00bb text_font=\u00bb|800|||||||\u00bb text_text_color=\u00bb#ffc63f\u00bb text_font_size=\u00bb46px\u00bb text_line_height=\u00bb1em\u00bb text_font_tablet=\u00bb\u00bb text_font_phone=\u00bb\u00bb text_font_last_edited=\u00bbon|phone\u00bb text_font_size_tablet=\u00bb\u00bb text_font_size_phone=\u00bb31px\u00bb text_font_size_last_edited=\u00bbon|phone\u00bb text_line_height_phone=\u00bb1em\u00bb text_line_height_last_edited=\u00bboff|phone\u00bb global_colors_info=\u00bb{}\u00bb]<\/p>\n<p>Academia B\u00edblica<\/p>\n<p>[\/et_pb_text][et_pb_text content_tablet=\u00bb\u00bb content_phone=\u00bb<\/p>\n<p style=%22text-align: center;%22><strong>\u00a1Procura con diligencia presentarte como obrero delante del Se\u00f1or!<\/strong><\/p>\n<p style=%22text-align: center;%22>Creemos firmemente en la importancia de estudiar y aplicar la palabra de Dios en nuestras vidas, es por eso que como iglesia contamos con nuestra Academia B\u00edblica. Un espacio para poder conocer m\u00e1s de Dios y fortalecer nuestra relaci\u00f3n con \u00e9l. Este proceso inicia desde las bases B\u00edblicas hasta un estudio m\u00e1s profundo de los libros que componen la Biblia.<\/p>\n<p style=%22text-align: center;%22>A trav\u00e9s de la Academia podr\u00e1s experimentar como tu vida adquiere el car\u00e1cter de Cristo, bienvenido.<\/p>\n<p>\u00bb content_last_edited=\u00bbon|phone\u00bb _builder_version=\u00bb4.16&#8243; _module_preset=\u00bbdefault\u00bb text_font_size=\u00bb16px\u00bb global_colors_info=\u00bb{}\u00bb]<\/p>\n<p><strong>\u00a1Procura con diligencia presentarte como obrero delante del Se\u00f1or!<\/strong><\/p>\n<p>Creemos firmemente en la importancia de estudiar y aplicar la palabra de Dios en nuestras vidas, es por eso que como iglesia contamos con nuestra Academia B\u00edblica. Un espacio para poder conocer m\u00e1s de Dios y fortalecer nuestra relaci\u00f3n con \u00e9l. Este proceso inicia desde las bases B\u00edblicas hasta un estudio m\u00e1s profundo de los libros que componen la Biblia.<\/p>\n<p>A trav\u00e9s de la Academia podr\u00e1s experimentar como tu vida adquiere el car\u00e1cter de Cristo, bienvenido.<\/p>\n<p>[\/et_pb_text][\/et_pb_column][et_pb_column type=\u00bb1_2&#8243; _builder_version=\u00bb4.16&#8243; _module_preset=\u00bbdefault\u00bb global_colors_info=\u00bb{}\u00bb][et_pb_image src=\u00bbhttps:\/\/alianzanorte.org\/wp-content\/uploads\/2021\/01\/banner-biblia-2.jpg\u00bb title_text=\u00bbbanner-biblia-2&#8243; align=\u00bbcenter\u00bb _builder_version=\u00bb4.16&#8243; _module_preset=\u00bbdefault\u00bb box_shadow_style=\u00bbpreset3&#8243; box_shadow_vertical=\u00bb6px\u00bb box_shadow_color=\u00bb#000000&#8243; global_colors_info=\u00bb{}\u00bb][\/et_pb_image][\/et_pb_column][\/et_pb_row][et_pb_row _builder_version=\u00bb4.16&#8243; _module_preset=\u00bbdefault\u00bb global_colors_info=\u00bb{}\u00bb][et_pb_column type=\u00bb4_4&#8243; _builder_version=\u00bb4.16&#8243; _module_preset=\u00bbdefault\u00bb global_colors_info=\u00bb{}\u00bb][et_pb_text _builder_version=\u00bb4.16&#8243; _module_preset=\u00bbdefault\u00bb text_font=\u00bb|800|||||||\u00bb text_text_color=\u00bb#002c46&#8243; text_font_size=\u00bb35px\u00bb global_colors_info=\u00bb{}\u00bb]<\/p>\n<p>Cursos\u00a0<\/p>\n<p>[\/et_pb_text][\/et_pb_column][\/et_pb_row][et_pb_row column_structure=\u00bb1_3,1_3,1_3&#8243; _builder_version=\u00bb4.16&#8243; _module_preset=\u00bbdefault\u00bb locked=\u00bboff\u00bb global_colors_info=\u00bb{}\u00bb][et_pb_column type=\u00bb1_3&#8243; _builder_version=\u00bb4.16&#8243; _module_preset=\u00bbdefault\u00bb global_colors_info=\u00bb{}\u00bb][et_pb_toggle title=\u00bbPrimer Nivel:\u00bb open_toggle_background_color=\u00bbRGBA(0,0,0,0)\u00bb closed_toggle_background_color=\u00bbRGBA(0,0,0,0)\u00bb _builder_version=\u00bb4.16&#8243; _module_preset=\u00bbdefault\u00bb title_text_color=\u00bbgcid-5c020fc9-e843-4f2e-8b35-05e08e093602&#8243; title_level=\u00bbh4&#8243; title_font=\u00bb|700|||||||\u00bb title_text_align=\u00bbcenter\u00bb body_font_size=\u00bb17px\u00bb border_width_all=\u00bb2px\u00bb border_color_all=\u00bbgcid-d4ea73e7-edb2-4a1a-987a-99a57fd6295a\u00bb global_colors_info=\u00bb{%22gcid-5c020fc9-e843-4f2e-8b35-05e08e093602%22:%91%22title_text_color%22%93,%22gcid-d4ea73e7-edb2-4a1a-987a-99a57fd6295a%22:%91%22border_color_all%22%93}\u00bb]<\/p>\n<p>&#8211; Mis Primeros Pasos<br \/> &#8211; Nuevo Testamento<br \/> &#8211; Antiguo Testamento<\/p>\n<p>[\/et_pb_toggle][\/et_pb_column][et_pb_column type=\u00bb1_3&#8243; _builder_version=\u00bb4.16&#8243; _module_preset=\u00bbdefault\u00bb global_colors_info=\u00bb{}\u00bb][et_pb_toggle title=\u00bbSegundo Nivel:\u00bb open_toggle_background_color=\u00bbRGBA(0,0,0,0)\u00bb closed_toggle_background_color=\u00bbRGBA(0,0,0,0)\u00bb _builder_version=\u00bb4.16&#8243; _module_preset=\u00bbdefault\u00bb title_text_color=\u00bbgcid-5c020fc9-e843-4f2e-8b35-05e08e093602&#8243; title_level=\u00bbh4&#8243; title_font=\u00bb|700|||||||\u00bb title_text_align=\u00bbcenter\u00bb body_font_size=\u00bb17px\u00bb border_width_all=\u00bb2px\u00bb border_color_all=\u00bbgcid-d4ea73e7-edb2-4a1a-987a-99a57fd6295a\u00bb global_colors_info=\u00bb{%22gcid-5c020fc9-e843-4f2e-8b35-05e08e093602%22:%91%22title_text_color%22%93,%22gcid-d4ea73e7-edb2-4a1a-987a-99a57fd6295a%22:%91%22border_color_all%22%93}\u00bb]<\/p>\n<p>&#8211; Viviendo en Plenitud<br \/> &#8211; Doctrina Cristiana 1<br \/> &#8211; Doctrina Cristiana 2<\/p>\n<p>[\/et_pb_toggle][\/et_pb_column][et_pb_column type=\u00bb1_3&#8243; _builder_version=\u00bb4.16&#8243; _module_preset=\u00bbdefault\u00bb global_colors_info=\u00bb{}\u00bb][et_pb_toggle title=\u00bbTercer Nivel:\u00bb open_toggle_background_color=\u00bbRGBA(0,0,0,0)\u00bb closed_toggle_background_color=\u00bbRGBA(0,0,0,0)\u00bb _builder_version=\u00bb4.23.2&#8243; _module_preset=\u00bbdefault\u00bb title_text_color=\u00bbgcid-5c020fc9-e843-4f2e-8b35-05e08e093602&#8243; title_level=\u00bbh4&#8243; title_font=\u00bb|700|||||||\u00bb title_text_align=\u00bbcenter\u00bb body_font_size=\u00bb17px\u00bb hover_enabled=\u00bb0&#8243; border_width_all=\u00bb2px\u00bb border_color_all=\u00bbgcid-d4ea73e7-edb2-4a1a-987a-99a57fd6295a\u00bb global_colors_info=\u00bb{%22gcid-5c020fc9-e843-4f2e-8b35-05e08e093602%22:%91%22title_text_color%22%93,%22gcid-d4ea73e7-edb2-4a1a-987a-99a57fd6295a%22:%91%22border_color_all%22%93}\u00bb sticky_enabled=\u00bb0&#8243;]<\/p>\n<p>&#8211; Discipulado<br \/>&#8211; \u00c9tica Cristiana<\/p>\n<p>[\/et_pb_toggle][\/et_pb_column][\/et_pb_row][et_pb_row column_structure=\u00bb1_3,1_3,1_3&#8243; _builder_version=\u00bb4.16&#8243; _module_preset=\u00bbdefault\u00bb custom_padding=\u00bb7px|||||\u00bb locked=\u00bboff\u00bb global_colors_info=\u00bb{}\u00bb][et_pb_column type=\u00bb1_3&#8243; _builder_version=\u00bb4.16&#8243; _module_preset=\u00bbdefault\u00bb global_colors_info=\u00bb{}\u00bb][et_pb_toggle title=\u00bbCuarto Nivel:\u00bb open_toggle_background_color=\u00bbRGBA(0,0,0,0)\u00bb closed_toggle_background_color=\u00bbRGBA(0,0,0,0)\u00bb _builder_version=\u00bb4.16&#8243; _module_preset=\u00bbdefault\u00bb title_text_color=\u00bbgcid-5c020fc9-e843-4f2e-8b35-05e08e093602&#8243; title_level=\u00bbh4&#8243; title_font=\u00bb|700|||||||\u00bb title_text_align=\u00bbcenter\u00bb body_font_size=\u00bb17px\u00bb border_width_all=\u00bb2px\u00bb border_color_all=\u00bbgcid-d4ea73e7-edb2-4a1a-987a-99a57fd6295a\u00bb global_colors_info=\u00bb{%22gcid-5c020fc9-e843-4f2e-8b35-05e08e093602%22:%91%22title_text_color%22%93,%22gcid-d4ea73e7-edb2-4a1a-987a-99a57fd6295a%22:%91%22border_color_all%22%93}\u00bb]<\/p>\n<p>&#8211; Flet 1<br \/> &#8211; Flet 2<br \/> &#8211; Flet 3<\/p>\n<p>[\/et_pb_toggle][\/et_pb_column][et_pb_column type=\u00bb1_3&#8243; _builder_version=\u00bb4.16&#8243; _module_preset=\u00bbdefault\u00bb global_colors_info=\u00bb{}\u00bb][et_pb_toggle title=\u00bbQuinto Nivel:\u00bb open_toggle_background_color=\u00bbRGBA(0,0,0,0)\u00bb closed_toggle_background_color=\u00bbRGBA(0,0,0,0)\u00bb _builder_version=\u00bb4.16&#8243; _module_preset=\u00bbdefault\u00bb title_text_color=\u00bbgcid-5c020fc9-e843-4f2e-8b35-05e08e093602&#8243; title_level=\u00bbh4&#8243; title_font=\u00bb|700|||||||\u00bb title_text_align=\u00bbcenter\u00bb body_font_size=\u00bb17px\u00bb border_width_all=\u00bb2px\u00bb border_color_all=\u00bbgcid-d4ea73e7-edb2-4a1a-987a-99a57fd6295a\u00bb global_colors_info=\u00bb{%22gcid-5c020fc9-e843-4f2e-8b35-05e08e093602%22:%91%22title_text_color%22%93,%22gcid-d4ea73e7-edb2-4a1a-987a-99a57fd6295a%22:%91%22border_color_all%22%93}\u00bb]<\/p>\n<p>&#8211; Flet 4<br \/> &#8211; Flet 5<br \/> &#8211; Flet 6<\/p>\n<p>[\/et_pb_toggle][\/et_pb_column][et_pb_column type=\u00bb1_3&#8243; _builder_version=\u00bb4.16&#8243; _module_preset=\u00bbdefault\u00bb global_colors_info=\u00bb{}\u00bb][et_pb_toggle title=\u00bbOptativas:\u00bb open_toggle_background_color=\u00bbRGBA(0,0,0,0)\u00bb closed_toggle_background_color=\u00bbRGBA(0,0,0,0)\u00bb _builder_version=\u00bb4.16&#8243; _module_preset=\u00bbdefault\u00bb title_text_color=\u00bbgcid-5c020fc9-e843-4f2e-8b35-05e08e093602&#8243; title_level=\u00bbh4&#8243; title_font=\u00bb|700|||||||\u00bb title_text_align=\u00bbcenter\u00bb body_font_size=\u00bb17px\u00bb border_width_all=\u00bb2px\u00bb border_color_all=\u00bbgcid-d4ea73e7-edb2-4a1a-987a-99a57fd6295a\u00bb global_colors_info=\u00bb{%22gcid-5c020fc9-e843-4f2e-8b35-05e08e093602%22:%91%22title_text_color%22%93,%22gcid-d4ea73e7-edb2-4a1a-987a-99a57fd6295a%22:%91%22border_color_all%22%93}\u00bb]<\/p>\n<p>&#8211; Libro de Daniel<br \/> &#8211; Apocalipsis 1<br \/> &#8211; Apocalipsis 2<br \/> &#8211; Efesios<\/p>\n<p>[\/et_pb_toggle][\/et_pb_column][\/et_pb_row][\/et_pb_section][et_pb_section fb_built=\u00bb1&#8243; _builder_version=\u00bb4.16&#8243; _module_preset=\u00bbdefault\u00bb custom_padding=\u00bb0px||1px|||\u00bb global_colors_info=\u00bb{}\u00bb][et_pb_row _builder_version=\u00bb4.16&#8243; _module_preset=\u00bbdefault\u00bb global_colors_info=\u00bb{}\u00bb][et_pb_column type=\u00bb4_4&#8243; _builder_version=\u00bb4.16&#8243; _module_preset=\u00bbdefault\u00bb global_colors_info=\u00bb{}\u00bb][et_pb_text _builder_version=\u00bb4.16&#8243; _module_preset=\u00bbdefault\u00bb text_text_color=\u00bbgcid-5c020fc9-e843-4f2e-8b35-05e08e093602&#8243; text_font_size=\u00bb17px\u00bb global_colors_info=\u00bb{%22gcid-5c020fc9-e843-4f2e-8b35-05e08e093602%22:%91%22text_text_color%22%93}\u00bb]<\/p>\n<p><strong>Tenemos horarios para j\u00f3venes y adultos.<\/strong><\/p>\n<p>Domingos en los tres cultos 8h00 |10h00 | 11h45 \u2013 Academia B\u00edblica para Adultos.<\/p>\n<p>Domingos tercer culto 11h45 &#8211; Academia B\u00edblica para j\u00f3venes.<\/p>\n<p>Mi\u00e9rcoles 19h00 | Domingo 8h00 \u2013 Academia B\u00edblica para adultos.<\/p>\n<p>[\/et_pb_text][et_pb_button button_url=\u00bbhttps:\/\/wa.me\/593993361662&#8243; url_new_window=\u00bbon\u00bb button_text=\u00bbM\u00e1s Informaci\u00f3n\u00bb button_alignment=\u00bbleft\u00bb button_alignment_tablet=\u00bb\u00bb button_alignment_phone=\u00bbcenter\u00bb button_alignment_last_edited=\u00bbon|tablet\u00bb _builder_version=\u00bb4.19.5&#8243; _module_preset=\u00bb8d98a695-9887-4885-b43f-8822ee60db69&#8243; custom_button=\u00bbon\u00bb button_text_color=\u00bbgcid-5c020fc9-e843-4f2e-8b35-05e08e093602&#8243; button_bg_color=\u00bbgcid-d4ea73e7-edb2-4a1a-987a-99a57fd6295a\u00bb button_border_color=\u00bbrgba(0,0,0,0)\u00bb button_icon=\u00bb&#x4c;||divi||400&#8243; custom_margin=\u00bb18px||||false|false\u00bb custom_padding=\u00bb||||false|false\u00bb locked=\u00bboff\u00bb global_colors_info=\u00bb{%22gcid-d4ea73e7-edb2-4a1a-987a-99a57fd6295a%22:%91%22button_bg_color%22%93,%22gcid-5c020fc9-e843-4f2e-8b35-05e08e093602%22:%91%22button_text_color%22%93}\u00bb][\/et_pb_button][\/et_pb_column][\/et_pb_row][\/et_pb_section][et_pb_section fb_built=\u00bb1&#8243; custom_padding_last_edited=\u00bbon|phone\u00bb _builder_version=\u00bb4.16&#8243; _module_preset=\u00bbdefault\u00bb custom_padding=\u00bb81px||33px|||\u00bb custom_padding_tablet=\u00bb\u00bb custom_padding_phone=\u00bb27px||33px||false|false\u00bb global_colors_info=\u00bb{}\u00bb][et_pb_row _builder_version=\u00bb4.16&#8243; _module_preset=\u00bbdefault\u00bb custom_padding=\u00bb5px|||||\u00bb global_colors_info=\u00bb{}\u00bb][et_pb_column type=\u00bb4_4&#8243; _builder_version=\u00bb4.16&#8243; _module_preset=\u00bbdefault\u00bb global_colors_info=\u00bb{}\u00bb][et_pb_button button_url=\u00bb@ET-DC@eyJkeW5hbWljIjp0cnVlLCJjb250ZW50IjoicG9zdF9saW5rX3VybF9wYWdlIiwic2V0dGluZ3MiOnsicG9zdF9pZCI6IjE1MzEifX0=@\u00bb button_text=\u00bbDonar\u00bb button_alignment=\u00bbleft\u00bb module_class=\u00bbpopmake-1669&#8243; _builder_version=\u00bb4.13.0&#8243; _dynamic_attributes=\u00bbbutton_url\u00bb _module_preset=\u00bbdefault\u00bb custom_button=\u00bbon\u00bb button_text_color=\u00bb#ffffff\u00bb button_bg_color=\u00bb#0c71c3&#8243; button_border_color=\u00bb#ffffff\u00bb button_border_radius=\u00bb46px\u00bb button_icon=\u00bb&#xe089;||divi||400&#8243; position_origin_f=\u00bbbottom_left\u00bb vertical_offset=\u00bb109px\u00bb horizontal_offset=\u00bb16px\u00bb z_index=\u00bb274&#8243; vertical_offset_tablet=\u00bb\u00bb vertical_offset_phone=\u00bb91px\u00bb vertical_offset_last_edited=\u00bbon|phone\u00bb position_origin_a_tablet=\u00bb\u00bb position_origin_a_phone=\u00bb\u00bb position_origin_a_last_edited=\u00bbon|phone\u00bb position_origin_f_tablet=\u00bb\u00bb position_origin_f_phone=\u00bb\u00bb position_origin_f_last_edited=\u00bbon|desktop\u00bb position_origin_r_tablet=\u00bb\u00bb position_origin_r_phone=\u00bb\u00bb position_origin_r_last_edited=\u00bbon|phone\u00bb custom_margin=\u00bb|||-138px|false|false\u00bb custom_margin_tablet=\u00bb|||-43px|false|false\u00bb custom_margin_phone=\u00bb|||-26px|false|false\u00bb custom_margin_last_edited=\u00bbon|phone\u00bb sticky_position=\u00bbtop_bottom\u00bb sticky_offset_bottom=\u00bb43px\u00bb sticky_limit_bottom=\u00bbcolumn\u00bb button_text_size_tablet=\u00bb\u00bb button_text_size_phone=\u00bb14px\u00bb button_text_size_last_edited=\u00bbon|tablet\u00bb positioning_tablet=\u00bb\u00bb positioning_phone=\u00bb\u00bb positioning_last_edited=\u00bbon|phone\u00bb global_module=\u00bb233&#8243; global_colors_info=\u00bb{}\u00bb][\/et_pb_button][\/et_pb_column][\/et_pb_row][et_pb_row _builder_version=\u00bb4.16&#8243; _module_preset=\u00bbdefault\u00bb z_index=\u00bb246&#8243; custom_margin=\u00bb-61px|auto||auto||\u00bb custom_padding=\u00bb||5px|||\u00bb locked=\u00bboff\u00bb global_colors_info=\u00bb{}\u00bb][et_pb_column type=\u00bb4_4&#8243; _builder_version=\u00bb4.16&#8243; _module_preset=\u00bbdefault\u00bb global_colors_info=\u00bb{}\u00bb][et_pb_button button_url=\u00bb@ET-DC@eyJkeW5hbWljIjp0cnVlLCJjb250ZW50IjoicG9zdF9saW5rX3VybF9wYWdlIiwic2V0dGluZ3MiOnsicG9zdF9pZCI6IjgzNyJ9fQ==@\u00bb button_text=\u00bbOraci\u00f3n\u00bb button_text_tablet=\u00bb\u00bb button_text_phone=\u00bbOracion\u00bb button_text_last_edited=\u00bbon|phone\u00bb _builder_version=\u00bb4.13.0&#8243; _dynamic_attributes=\u00bbbutton_url\u00bb _module_preset=\u00bbdefault\u00bb custom_button=\u00bbon\u00bb button_text_color=\u00bb#ffffff\u00bb button_bg_color=\u00bb#e09900&#8243; button_border_color=\u00bb#ffffff\u00bb button_border_radius=\u00bb46px\u00bb button_icon=\u00bb&#xe08b;||divi||400&#8243; button_icon_color=\u00bb#ffffff\u00bb positioning=\u00bbfixed\u00bb position_origin_f=\u00bbtop_right\u00bb vertical_offset=\u00bb91px\u00bb horizontal_offset=\u00bb29px\u00bb z_index=\u00bb178&#8243; custom_margin_tablet=\u00bb\u00bb custom_margin_phone=\u00bb|-15px|||false|false\u00bb custom_margin_last_edited=\u00bbon|phone\u00bb button_text_size_tablet=\u00bb\u00bb button_text_size_phone=\u00bb14px\u00bb button_text_size_last_edited=\u00bbon|tablet\u00bb global_module=\u00bb1037&#8243; saved_tabs=\u00bball\u00bb global_colors_info=\u00bb{}\u00bb][\/et_pb_button][\/et_pb_column][\/et_pb_row][\/et_pb_section]<\/p>\n","protected":false},"excerpt":{"rendered":"<p>Academia B\u00edblica\u00a1Procura con diligencia presentarte como obrero delante del Se\u00f1or! Creemos firmemente en la importancia de estudiar y aplicar la palabra de Dios en nuestras vidas, es por eso que como iglesia contamos con nuestra Academia B\u00edblica. Un espacio para poder conocer m\u00e1s de Dios y fortalecer nuestra relaci\u00f3n con \u00e9l. Este proceso inicia desde [&hellip;]<\/p>\n","protected":false},"author":1,"featured_media":0,"parent":0,"menu_order":0,"comment_status":"closed","ping_status":"closed","template":"","meta":{"_et_pb_use_builder":"on","_et_pb_old_content":"","_et_gb_content_width":"","footnotes":""},"class_list":["post-685","page","type-page","status-publish","hentry"],"_links":{"self":[{"href":"https:\/\/alianzanorte.org\/index.php\/wp-json\/wp\/v2\/pages\/685","targetHints":{"allow":["GET"]}}],"collection":[{"href":"https:\/\/alianzanorte.org\/index.php\/wp-json\/wp\/v2\/pages"}],"about":[{"href":"https:\/\/alianzanorte.org\/index.php\/wp-json\/wp\/v2\/types\/page"}],"author":[{"embeddable":true,"href":"https:\/\/alianzanorte.org\/index.php\/wp-json\/wp\/v2\/users\/1"}],"replies":[{"embeddable":true,"href":"https:\/\/alianzanorte.org\/index.php\/wp-json\/wp\/v2\/comments?post=685"}],"version-history":[{"count":52,"href":"https:\/\/alianzanorte.org\/index.php\/wp-json\/wp\/v2\/pages\/685\/revisions"}],"predecessor-version":[{"id":2183,"href":"https:\/\/alianzanorte.org\/index.php\/wp-json\/wp\/v2\/pages\/685\/revisions\/2183"}],"wp:attachment":[{"href":"https:\/\/alianzanorte.org\/index.php\/wp-json\/wp\/v2\/media?parent=685"}],"curies":[{"name":"wp","href":"https:\/\/api.w.org\/{rel}","templated":true}]}}