{"id":1090,"date":"2021-01-11T23:38:35","date_gmt":"2021-01-11T23:38:35","guid":{"rendered":"https:\/\/alianzanorte.org\/?page_id=1090"},"modified":"2025-12-03T15:59:23","modified_gmt":"2025-12-03T20:59:23","slug":"ministerios","status":"publish","type":"page","link":"https:\/\/alianzanorte.org\/index.php\/ministerios\/","title":{"rendered":"Ministerios"},"content":{"rendered":"<p>[et_pb_section fb_built=\u00bb1&#8243; _builder_version=\u00bb4.16&#8243; _module_preset=\u00bbdefault\u00bb custom_padding=\u00bb2px||4px|||\u00bb locked=\u00bboff\u00bb global_colors_info=\u00bb{}\u00bb][et_pb_row column_structure=\u00bb2_5,3_5&#8243; _builder_version=\u00bb4.16&#8243; _module_preset=\u00bbdefault\u00bb global_colors_info=\u00bb{}\u00bb][et_pb_column type=\u00bb2_5&#8243; _builder_version=\u00bb4.16&#8243; _module_preset=\u00bbdefault\u00bb global_colors_info=\u00bb{}\u00bb][et_pb_image src=\u00bbhttps:\/\/alianzanorte.org\/wp-content\/uploads\/2025\/12\/06072025-IMG_7213-scaled.jpg\u00bb title_text=\u00bb06072025-IMG_7213&#8243; align_tablet=\u00bbcenter\u00bb align_phone=\u00bb\u00bb align_last_edited=\u00bbon|tablet\u00bb _builder_version=\u00bb4.27.4&#8243; _module_preset=\u00bbdefault\u00bb hover_enabled=\u00bb0&#8243; border_width_all=\u00bb4px\u00bb border_color_all=\u00bb#ffffff\u00bb box_shadow_style=\u00bbpreset3&#8243; box_shadow_vertical=\u00bb2px\u00bb box_shadow_blur=\u00bb21px\u00bb box_shadow_spread=\u00bb-9px\u00bb box_shadow_color=\u00bb#000000&#8243; global_colors_info=\u00bb{}\u00bb sticky_enabled=\u00bb0&#8243;][\/et_pb_image][\/et_pb_column][et_pb_column type=\u00bb3_5&#8243; _builder_version=\u00bb4.16&#8243; _module_preset=\u00bbdefault\u00bb global_colors_info=\u00bb{}\u00bb][et_pb_text _builder_version=\u00bb4.16&#8243; _module_preset=\u00bbdefault\u00bb text_font=\u00bb|800|||||||\u00bb text_text_color=\u00bb#002c46&#8243; text_font_size=\u00bb46px\u00bb text_font_size_tablet=\u00bb\u00bb text_font_size_phone=\u00bb34px\u00bb text_font_size_last_edited=\u00bbon|phone\u00bb global_colors_info=\u00bb{}\u00bb]<\/p>\n<p>Ministerios<\/p>\n<p>[\/et_pb_text][et_pb_text content_tablet=\u00bb\u00bb content_phone=\u00bb<\/p>\n<h3 style=%22text-align: center;%22>Dios ha puesto dones, habilidades y talentos en cada uno de nosotros, es por eso que nuestra iglesia busca servir a otros a trav\u00e9s de diferentes ministerios.<\/h3>\n<p>\u00bb content_last_edited=\u00bbon|phone\u00bb _builder_version=\u00bb4.16&#8243; _module_preset=\u00bbdefault\u00bb global_colors_info=\u00bb{}\u00bb]<\/p>\n<h3>Dios ha puesto dones, habilidades y talentos en cada uno de nosotros, es por eso que nuestra iglesia busca servir a otros a trav\u00e9s de diferentes ministerios.<\/h3>\n<p>[\/et_pb_text][\/et_pb_column][\/et_pb_row][et_pb_row column_structure=\u00bb1_3,1_3,1_3&#8243; _builder_version=\u00bb4.16&#8243; _module_preset=\u00bbdefault\u00bb locked=\u00bboff\u00bb global_colors_info=\u00bb{}\u00bb][et_pb_column type=\u00bb1_3&#8243; _builder_version=\u00bb4.16&#8243; _module_preset=\u00bbdefault\u00bb global_colors_info=\u00bb{}\u00bb][et_pb_toggle title=\u00bbMinisterio de adoraci\u00f3n y artes\u00bb open_toggle_background_color=\u00bbRGBA(0,0,0,0)\u00bb closed_toggle_background_color=\u00bbRGBA(0,0,0,0)\u00bb _builder_version=\u00bb4.16&#8243; _module_preset=\u00bbdefault\u00bb title_text_color=\u00bbgcid-5c020fc9-e843-4f2e-8b35-05e08e093602&#8243; title_level=\u00bbh4&#8243; title_font=\u00bb|700|||||||\u00bb title_text_align=\u00bbcenter\u00bb body_font_size=\u00bb17px\u00bb border_width_all=\u00bb2px\u00bb border_color_all=\u00bbgcid-d4ea73e7-edb2-4a1a-987a-99a57fd6295a\u00bb global_colors_info=\u00bb{%22gcid-5c020fc9-e843-4f2e-8b35-05e08e093602%22:%91%22title_text_color%22%93,%22gcid-d4ea73e7-edb2-4a1a-987a-99a57fd6295a%22:%91%22border_color_all%22%93}\u00bb]<\/p>\n<p><span>&#8211; Adoraci\u00f3n y artes<br \/> &#8211; Teatro<br \/> &#8211; Danza<br \/> &#8211; Coro<br \/> &#8211; Banda j\u00f3venes<br \/> &#8211; Banda martes oraci\u00f3n<br \/> &#8211; Banda domingos<\/span><\/p>\n<p>[\/et_pb_toggle][et_pb_toggle title=\u00bbMinisterio de Producci\u00f3N\u00bb open_toggle_background_color=\u00bbRGBA(0,0,0,0)\u00bb closed_toggle_background_color=\u00bbRGBA(0,0,0,0)\u00bb _builder_version=\u00bb4.27.4&#8243; _module_preset=\u00bbdefault\u00bb title_text_color=\u00bbgcid-5c020fc9-e843-4f2e-8b35-05e08e093602&#8243; title_level=\u00bbh4&#8243; title_font=\u00bb|700|||||||\u00bb title_text_align=\u00bbcenter\u00bb body_font_size=\u00bb17px\u00bb hover_enabled=\u00bb0&#8243; border_width_all=\u00bb2px\u00bb border_color_all=\u00bbgcid-d4ea73e7-edb2-4a1a-987a-99a57fd6295a\u00bb global_colors_info=\u00bb{%22gcid-5c020fc9-e843-4f2e-8b35-05e08e093602%22:%91%22title_text_color%22%93,%22gcid-d4ea73e7-edb2-4a1a-987a-99a57fd6295a%22:%91%22border_color_all%22%93}\u00bb sticky_enabled=\u00bb0&#8243;]<\/p>\n<p><span>&#8211; Sonido <\/span><br \/><span>&#8211; Comunicaciones <\/span><br \/><span>&#8211; Producci\u00f3n en vivo general <\/span><br \/><span>&#8211; Producci\u00f3n en vivo j\u00f3venes<\/span><br \/><span>&#8211; Anuncios <\/span><br \/><span>&#8211; Dise\u00f1o e imagen <\/span><br \/><span>&#8211; Edici\u00f3n y video<\/span><\/p>\n<p>[\/et_pb_toggle][et_pb_toggle title=\u00bbMinisterio de Capacitaci\u00f3n\u00bb open_toggle_background_color=\u00bbRGBA(0,0,0,0)\u00bb closed_toggle_background_color=\u00bbRGBA(0,0,0,0)\u00bb _builder_version=\u00bb4.27.4&#8243; _module_preset=\u00bbdefault\u00bb title_text_color=\u00bbgcid-5c020fc9-e843-4f2e-8b35-05e08e093602&#8243; title_level=\u00bbh4&#8243; title_font=\u00bb|700|||||||\u00bb title_text_align=\u00bbcenter\u00bb body_font_size=\u00bb17px\u00bb hover_enabled=\u00bb0&#8243; border_width_all=\u00bb2px\u00bb border_color_all=\u00bbgcid-d4ea73e7-edb2-4a1a-987a-99a57fd6295a\u00bb global_colors_info=\u00bb{%22gcid-5c020fc9-e843-4f2e-8b35-05e08e093602%22:%91%22title_text_color%22%93,%22gcid-d4ea73e7-edb2-4a1a-987a-99a57fd6295a%22:%91%22border_color_all%22%93}\u00bb sticky_enabled=\u00bb0&#8243;]<\/p>\n<p><span>&#8211; Academia B\u00edblica<br \/>&#8211; Cultura financiera<\/span><span><br \/><\/span><\/p>\n<p>[\/et_pb_toggle][\/et_pb_column][et_pb_column type=\u00bb1_3&#8243; _builder_version=\u00bb4.16&#8243; _module_preset=\u00bbdefault\u00bb global_colors_info=\u00bb{}\u00bb][et_pb_toggle title=\u00bbEnviados Luz a las Naciones\u00bb open_toggle_background_color=\u00bbRGBA(0,0,0,0)\u00bb closed_toggle_background_color=\u00bbRGBA(0,0,0,0)\u00bb _builder_version=\u00bb4.16&#8243; _module_preset=\u00bbdefault\u00bb title_text_color=\u00bbgcid-5c020fc9-e843-4f2e-8b35-05e08e093602&#8243; title_level=\u00bbh4&#8243; title_font=\u00bb|700|||||||\u00bb title_text_align=\u00bbcenter\u00bb body_font_size=\u00bb17px\u00bb border_width_all=\u00bb2px\u00bb border_color_all=\u00bbgcid-d4ea73e7-edb2-4a1a-987a-99a57fd6295a\u00bb global_colors_info=\u00bb{%22gcid-5c020fc9-e843-4f2e-8b35-05e08e093602%22:%91%22title_text_color%22%93,%22gcid-d4ea73e7-edb2-4a1a-987a-99a57fd6295a%22:%91%22border_color_all%22%93}\u00bb]<\/p>\n<p><span>&#8211; Enviados<\/span><br \/> <span>&#8211; Misiones mundiales<\/span><br \/> <span>&#8211; Hospitales<\/span><br \/> <span>&#8211; Albergue<\/span><br \/> <span>&#8211; Manos de amor <\/span><br \/> <span>&#8211; Canasta de amor<\/span><\/p>\n<p>[\/et_pb_toggle][et_pb_toggle title=\u00bbMinistero de Proyectos de edificaci\u00f3n\u00bb open_toggle_background_color=\u00bbRGBA(0,0,0,0)\u00bb closed_toggle_background_color=\u00bbRGBA(0,0,0,0)\u00bb _builder_version=\u00bb4.16&#8243; _module_preset=\u00bbdefault\u00bb title_text_color=\u00bbgcid-5c020fc9-e843-4f2e-8b35-05e08e093602&#8243; title_level=\u00bbh4&#8243; title_font=\u00bb|700|||||||\u00bb title_text_align=\u00bbcenter\u00bb body_font_size=\u00bb17px\u00bb border_width_all=\u00bb2px\u00bb border_color_all=\u00bbgcid-d4ea73e7-edb2-4a1a-987a-99a57fd6295a\u00bb global_colors_info=\u00bb{%22gcid-5c020fc9-e843-4f2e-8b35-05e08e093602%22:%91%22title_text_color%22%93,%22gcid-d4ea73e7-edb2-4a1a-987a-99a57fd6295a%22:%91%22border_color_all%22%93}\u00bb]<\/p>\n<p><span>&#8211; Levantamiento de fondos<\/span><br \/> <span>&#8211; Dise\u00f1o y construcci\u00f3n<\/span><\/p>\n<p>[\/et_pb_toggle][et_pb_toggle title=\u00bbMinisterio de Cultos y Eventos\u00bb open_toggle_background_color=\u00bbRGBA(0,0,0,0)\u00bb closed_toggle_background_color=\u00bbRGBA(0,0,0,0)\u00bb _builder_version=\u00bb4.27.4&#8243; _module_preset=\u00bbdefault\u00bb title_text_color=\u00bbgcid-5c020fc9-e843-4f2e-8b35-05e08e093602&#8243; title_level=\u00bbh4&#8243; title_font=\u00bb|700|||||||\u00bb title_text_align=\u00bbcenter\u00bb body_font_size=\u00bb17px\u00bb hover_enabled=\u00bb0&#8243; border_width_all=\u00bb2px\u00bb border_color_all=\u00bbgcid-d4ea73e7-edb2-4a1a-987a-99a57fd6295a\u00bb global_colors_info=\u00bb{%22gcid-5c020fc9-e843-4f2e-8b35-05e08e093602%22:%91%22title_text_color%22%93,%22gcid-d4ea73e7-edb2-4a1a-987a-99a57fd6295a%22:%91%22border_color_all%22%93}\u00bb sticky_enabled=\u00bb0&#8243;]<\/p>\n<p><span>&#8211; Decoraci\u00f3n y eventos<\/span><br \/><span>&#8211; Cocina<\/span><br \/><span>&#8211; Anfitriones<\/span><span> <\/span><br \/><span>&#8211; Santa Cena<\/span><span><\/span><\/p>\n<p>&nbsp;<\/p>\n<p>[\/et_pb_toggle][\/et_pb_column][et_pb_column type=\u00bb1_3&#8243; _builder_version=\u00bb4.16&#8243; _module_preset=\u00bbdefault\u00bb global_colors_info=\u00bb{}\u00bb][et_pb_toggle title=\u00bbMinisterio de Administraci\u00f3n\u00bb open_toggle_background_color=\u00bbRGBA(0,0,0,0)\u00bb closed_toggle_background_color=\u00bbRGBA(0,0,0,0)\u00bb _builder_version=\u00bb4.16&#8243; _module_preset=\u00bbdefault\u00bb title_text_color=\u00bbgcid-5c020fc9-e843-4f2e-8b35-05e08e093602&#8243; title_level=\u00bbh4&#8243; title_font=\u00bb|700|||||||\u00bb title_text_align=\u00bbcenter\u00bb body_font_size=\u00bb17px\u00bb border_width_all=\u00bb2px\u00bb border_color_all=\u00bbgcid-d4ea73e7-edb2-4a1a-987a-99a57fd6295a\u00bb global_colors_info=\u00bb{%22gcid-5c020fc9-e843-4f2e-8b35-05e08e093602%22:%91%22title_text_color%22%93,%22gcid-d4ea73e7-edb2-4a1a-987a-99a57fd6295a%22:%91%22border_color_all%22%93}\u00bb]<\/p>\n<p><span>&#8211; Seguridad<\/span><br \/> <span>&#8211; Parqueadero<\/span><br \/> <span>&#8211; Mantenimiento<\/span><\/p>\n<p>[\/et_pb_toggle][et_pb_toggle title=\u00bbMinisterio de Consolidaci\u00f3n\u00bb open_toggle_background_color=\u00bbRGBA(0,0,0,0)\u00bb closed_toggle_background_color=\u00bbRGBA(0,0,0,0)\u00bb _builder_version=\u00bb4.27.4&#8243; _module_preset=\u00bbdefault\u00bb title_text_color=\u00bbgcid-5c020fc9-e843-4f2e-8b35-05e08e093602&#8243; title_level=\u00bbh4&#8243; title_font=\u00bb|700|||||||\u00bb title_text_align=\u00bbcenter\u00bb body_font_size=\u00bb17px\u00bb hover_enabled=\u00bb0&#8243; border_width_all=\u00bb2px\u00bb border_color_all=\u00bbgcid-d4ea73e7-edb2-4a1a-987a-99a57fd6295a\u00bb global_colors_info=\u00bb{%22gcid-5c020fc9-e843-4f2e-8b35-05e08e093602%22:%91%22title_text_color%22%93,%22gcid-d4ea73e7-edb2-4a1a-987a-99a57fd6295a%22:%91%22border_color_all%22%93}\u00bb sticky_enabled=\u00bb0&#8243;]<\/p>\n<p><span>&#8211; <\/span><span>Bautizos<br \/>&#8211; Afirmaci\u00f3n y seguimiento <\/span><\/p>\n<p><span>&#8211; <\/span><span>Bienvenido a Casa<br \/>&#8211; Encuentros<br \/>&#8211; Visitaci\u00f3n<br \/>&#8211; Celebremos la recuperaci\u00f3n<\/span><\/p>\n<p><span><\/span><\/p>\n<p>[\/et_pb_toggle][\/et_pb_column][\/et_pb_row][et_pb_row column_structure=\u00bb1_2,1_2&#8243; _builder_version=\u00bb4.16&#8243; _module_preset=\u00bbdefault\u00bb custom_margin=\u00bb49px|auto||auto||\u00bb locked=\u00bboff\u00bb global_colors_info=\u00bb{}\u00bb][et_pb_column type=\u00bb1_2&#8243; _builder_version=\u00bb4.16&#8243; _module_preset=\u00bbdefault\u00bb global_colors_info=\u00bb{}\u00bb][et_pb_text _builder_version=\u00bb4.16&#8243; _module_preset=\u00bbdefault\u00bb text_font=\u00bb|800|||||||\u00bb text_text_color=\u00bb#002c46&#8243; text_font_size=\u00bb46px\u00bb text_line_height=\u00bb1.1em\u00bb custom_padding=\u00bb13px|||||\u00bb text_font_tablet=\u00bb\u00bb text_font_phone=\u00bb\u00bb text_font_last_edited=\u00bbon|phone\u00bb text_font_size_tablet=\u00bb\u00bb text_font_size_phone=\u00bb34px\u00bb text_font_size_last_edited=\u00bbon|phone\u00bb global_colors_info=\u00bb{}\u00bb]<\/p>\n<p style=\"text-align: center;\">\u00a1Te invitamos a que puedas ser parte de alg\u00fan ministerio y servir a Dios junto a nosotros!<\/p>\n<p>[\/et_pb_text][\/et_pb_column][et_pb_column type=\u00bb1_2&#8243; _builder_version=\u00bb4.16&#8243; _module_preset=\u00bbdefault\u00bb global_colors_info=\u00bb{}\u00bb][et_pb_contact_form email=\u00bbinfo@alianzanorte.org, alexpabongto@gmail.com\u00bb title=\u00bbMinisterios\u00bb _builder_version=\u00bb4.16&#8243; _module_preset=\u00bbdefault\u00bb _unique_id=\u00bbf879d43d-9469-4ed0-bb56-791ae992397a\u00bb border_width_all=\u00bb1px\u00bb border_color_all=\u00bb#002c46&#8243; global_colors_info=\u00bb{}\u00bb][et_pb_contact_field field_id=\u00bbName\u00bb field_title=\u00bbNombre\u00bb _builder_version=\u00bb4.16&#8243; global_colors_info=\u00bb{}\u00bb button_text_size__hover_enabled=\u00bboff\u00bb button_one_text_size__hover_enabled=\u00bboff\u00bb button_two_text_size__hover_enabled=\u00bboff\u00bb button_text_color__hover_enabled=\u00bboff\u00bb button_one_text_color__hover_enabled=\u00bboff\u00bb button_two_text_color__hover_enabled=\u00bboff\u00bb button_border_width__hover_enabled=\u00bboff\u00bb button_one_border_width__hover_enabled=\u00bboff\u00bb button_two_border_width__hover_enabled=\u00bboff\u00bb button_border_color__hover_enabled=\u00bboff\u00bb button_one_border_color__hover_enabled=\u00bboff\u00bb button_two_border_color__hover_enabled=\u00bboff\u00bb button_border_radius__hover_enabled=\u00bboff\u00bb button_one_border_radius__hover_enabled=\u00bboff\u00bb button_two_border_radius__hover_enabled=\u00bboff\u00bb button_letter_spacing__hover_enabled=\u00bboff\u00bb button_one_letter_spacing__hover_enabled=\u00bboff\u00bb button_two_letter_spacing__hover_enabled=\u00bboff\u00bb button_bg_color__hover_enabled=\u00bboff\u00bb button_one_bg_color__hover_enabled=\u00bboff\u00bb button_two_bg_color__hover_enabled=\u00bboff\u00bb][\/et_pb_contact_field][et_pb_contact_field field_id=\u00bbEdad\u00bb field_title=\u00bbEdad\u00bb _builder_version=\u00bb4.16&#8243; _module_preset=\u00bbdefault\u00bb global_colors_info=\u00bb{}\u00bb][\/et_pb_contact_field][et_pb_contact_field field_id=\u00bbEmail\u00bb field_title=\u00bbDirecci\u00f3n de correo electr\u00f3nico\u00bb field_type=\u00bbemail\u00bb fullwidth_field=\u00bbon\u00bb _builder_version=\u00bb4.16&#8243; global_colors_info=\u00bb{}\u00bb button_text_size__hover_enabled=\u00bboff\u00bb button_one_text_size__hover_enabled=\u00bboff\u00bb button_two_text_size__hover_enabled=\u00bboff\u00bb button_text_color__hover_enabled=\u00bboff\u00bb button_one_text_color__hover_enabled=\u00bboff\u00bb button_two_text_color__hover_enabled=\u00bboff\u00bb button_border_width__hover_enabled=\u00bboff\u00bb button_one_border_width__hover_enabled=\u00bboff\u00bb button_two_border_width__hover_enabled=\u00bboff\u00bb button_border_color__hover_enabled=\u00bboff\u00bb button_one_border_color__hover_enabled=\u00bboff\u00bb button_two_border_color__hover_enabled=\u00bboff\u00bb button_border_radius__hover_enabled=\u00bboff\u00bb button_one_border_radius__hover_enabled=\u00bboff\u00bb button_two_border_radius__hover_enabled=\u00bboff\u00bb button_letter_spacing__hover_enabled=\u00bboff\u00bb button_one_letter_spacing__hover_enabled=\u00bboff\u00bb button_two_letter_spacing__hover_enabled=\u00bboff\u00bb button_bg_color__hover_enabled=\u00bboff\u00bb button_one_bg_color__hover_enabled=\u00bboff\u00bb button_two_bg_color__hover_enabled=\u00bboff\u00bb][\/et_pb_contact_field][et_pb_contact_field field_id=\u00bbTel\u00e9fono\u00bb field_title=\u00bbTel\u00e9fono\u00bb fullwidth_field=\u00bbon\u00bb _builder_version=\u00bb4.16&#8243; _module_preset=\u00bbdefault\u00bb global_colors_info=\u00bb{}\u00bb][\/et_pb_contact_field][et_pb_contact_field field_id=\u00bbEn_que_ministerio_te_gustar\u00eda_servir\u00bb field_title=\u00bbEn que ministerio te gustar\u00eda servir \u00bb field_type=\u00bbtext\u00bb fullwidth_field=\u00bbon\u00bb _builder_version=\u00bb4.16&#8243; global_colors_info=\u00bb{}\u00bb button_text_size__hover_enabled=\u00bboff\u00bb button_one_text_size__hover_enabled=\u00bboff\u00bb button_two_text_size__hover_enabled=\u00bboff\u00bb button_text_color__hover_enabled=\u00bboff\u00bb button_one_text_color__hover_enabled=\u00bboff\u00bb button_two_text_color__hover_enabled=\u00bboff\u00bb button_border_width__hover_enabled=\u00bboff\u00bb button_one_border_width__hover_enabled=\u00bboff\u00bb button_two_border_width__hover_enabled=\u00bboff\u00bb button_border_color__hover_enabled=\u00bboff\u00bb button_one_border_color__hover_enabled=\u00bboff\u00bb button_two_border_color__hover_enabled=\u00bboff\u00bb button_border_radius__hover_enabled=\u00bboff\u00bb button_one_border_radius__hover_enabled=\u00bboff\u00bb button_two_border_radius__hover_enabled=\u00bboff\u00bb button_letter_spacing__hover_enabled=\u00bboff\u00bb button_one_letter_spacing__hover_enabled=\u00bboff\u00bb button_two_letter_spacing__hover_enabled=\u00bboff\u00bb button_bg_color__hover_enabled=\u00bboff\u00bb button_one_bg_color__hover_enabled=\u00bboff\u00bb button_two_bg_color__hover_enabled=\u00bboff\u00bb][\/et_pb_contact_field][\/et_pb_contact_form][\/et_pb_column][\/et_pb_row][\/et_pb_section][et_pb_section fb_built=\u00bb1&#8243; _builder_version=\u00bb4.16&#8243; _module_preset=\u00bbdefault\u00bb z_index=\u00bb106&#8243; custom_margin=\u00bb35px|||||\u00bb custom_padding=\u00bb0px||0px|||\u00bb locked=\u00bboff\u00bb global_colors_info=\u00bb{}\u00bb][et_pb_row _builder_version=\u00bb4.16&#8243; _module_preset=\u00bbdefault\u00bb z_index=\u00bb246&#8243; custom_margin=\u00bb-18px|auto||auto||\u00bb custom_padding=\u00bb||5px|||\u00bb global_colors_info=\u00bb{}\u00bb][et_pb_column type=\u00bb4_4&#8243; _builder_version=\u00bb4.16&#8243; _module_preset=\u00bbdefault\u00bb global_colors_info=\u00bb{}\u00bb][et_pb_button button_url=\u00bb@ET-DC@eyJkeW5hbWljIjp0cnVlLCJjb250ZW50IjoicG9zdF9saW5rX3VybF9wYWdlIiwic2V0dGluZ3MiOnsicG9zdF9pZCI6IjgzNyJ9fQ==@\u00bb button_text=\u00bbOraci\u00f3n\u00bb button_text_tablet=\u00bb\u00bb button_text_phone=\u00bbOracion\u00bb button_text_last_edited=\u00bbon|phone\u00bb _builder_version=\u00bb4.13.0&#8243; _dynamic_attributes=\u00bbbutton_url\u00bb _module_preset=\u00bbdefault\u00bb custom_button=\u00bbon\u00bb button_text_color=\u00bb#ffffff\u00bb button_bg_color=\u00bb#e09900&#8243; button_border_color=\u00bb#ffffff\u00bb button_border_radius=\u00bb46px\u00bb button_icon=\u00bb&#xe08b;||divi||400&#8243; button_icon_color=\u00bb#ffffff\u00bb positioning=\u00bbfixed\u00bb position_origin_f=\u00bbtop_right\u00bb vertical_offset=\u00bb91px\u00bb horizontal_offset=\u00bb29px\u00bb z_index=\u00bb178&#8243; custom_margin_tablet=\u00bb\u00bb custom_margin_phone=\u00bb|-15px|||false|false\u00bb custom_margin_last_edited=\u00bbon|phone\u00bb button_text_size_tablet=\u00bb\u00bb button_text_size_phone=\u00bb14px\u00bb button_text_size_last_edited=\u00bbon|tablet\u00bb global_module=\u00bb1037&#8243; saved_tabs=\u00bball\u00bb global_colors_info=\u00bb{}\u00bb][\/et_pb_button][\/et_pb_column][\/et_pb_row][\/et_pb_section][et_pb_section fb_built=\u00bb1&#8243; _builder_version=\u00bb4.16&#8243; _module_preset=\u00bbdefault\u00bb z_index=\u00bb106&#8243; custom_padding=\u00bb0px||0px|||\u00bb locked=\u00bboff\u00bb global_colors_info=\u00bb{}\u00bb][et_pb_row _builder_version=\u00bb4.16&#8243; _module_preset=\u00bbdefault\u00bb z_index=\u00bb246&#8243; global_colors_info=\u00bb{}\u00bb][et_pb_column type=\u00bb4_4&#8243; _builder_version=\u00bb4.16&#8243; _module_preset=\u00bbdefault\u00bb global_colors_info=\u00bb{}\u00bb][et_pb_button button_url=\u00bb@ET-DC@eyJkeW5hbWljIjp0cnVlLCJjb250ZW50IjoicG9zdF9saW5rX3VybF9wYWdlIiwic2V0dGluZ3MiOnsicG9zdF9pZCI6IjE1MzEifX0=@\u00bb button_text=\u00bbDonar\u00bb button_alignment=\u00bbleft\u00bb module_class=\u00bbpopmake-1669&#8243; _builder_version=\u00bb4.13.0&#8243; _dynamic_attributes=\u00bbbutton_url\u00bb _module_preset=\u00bbdefault\u00bb custom_button=\u00bbon\u00bb button_text_color=\u00bb#ffffff\u00bb button_bg_color=\u00bb#0c71c3&#8243; button_border_color=\u00bb#ffffff\u00bb button_border_radius=\u00bb46px\u00bb button_icon=\u00bb&#xe089;||divi||400&#8243; position_origin_f=\u00bbbottom_left\u00bb vertical_offset=\u00bb109px\u00bb horizontal_offset=\u00bb16px\u00bb z_index=\u00bb274&#8243; vertical_offset_tablet=\u00bb\u00bb vertical_offset_phone=\u00bb91px\u00bb vertical_offset_last_edited=\u00bbon|phone\u00bb position_origin_a_tablet=\u00bb\u00bb position_origin_a_phone=\u00bb\u00bb position_origin_a_last_edited=\u00bbon|phone\u00bb position_origin_f_tablet=\u00bb\u00bb position_origin_f_phone=\u00bb\u00bb position_origin_f_last_edited=\u00bbon|desktop\u00bb position_origin_r_tablet=\u00bb\u00bb position_origin_r_phone=\u00bb\u00bb position_origin_r_last_edited=\u00bbon|phone\u00bb custom_margin=\u00bb|||-138px|false|false\u00bb custom_margin_tablet=\u00bb|||-43px|false|false\u00bb custom_margin_phone=\u00bb|||-26px|false|false\u00bb custom_margin_last_edited=\u00bbon|phone\u00bb sticky_position=\u00bbtop_bottom\u00bb sticky_offset_bottom=\u00bb43px\u00bb sticky_limit_bottom=\u00bbcolumn\u00bb button_text_size_tablet=\u00bb\u00bb button_text_size_phone=\u00bb14px\u00bb button_text_size_last_edited=\u00bbon|tablet\u00bb positioning_tablet=\u00bb\u00bb positioning_phone=\u00bb\u00bb positioning_last_edited=\u00bbon|phone\u00bb global_module=\u00bb233&#8243; global_colors_info=\u00bb{}\u00bb][\/et_pb_button][\/et_pb_column][\/et_pb_row][\/et_pb_section]<\/p>\n","protected":false},"excerpt":{"rendered":"<p>MinisteriosDios ha puesto dones, habilidades y talentos en cada uno de nosotros, es por eso que nuestra iglesia busca servir a otros a trav\u00e9s de diferentes ministerios.- Adoraci\u00f3n y artes &#8211; Teatro &#8211; Danza &#8211; Coro &#8211; Banda j\u00f3venes &#8211; Banda martes oraci\u00f3n &#8211; Banda domingos- Sonido &#8211; Comunicaciones &#8211; Producci\u00f3n en vivo general &#8211; [&hellip;]<\/p>\n","protected":false},"author":1,"featured_media":0,"parent":0,"menu_order":0,"comment_status":"closed","ping_status":"closed","template":"","meta":{"_et_pb_use_builder":"on","_et_pb_old_content":"","_et_gb_content_width":"","footnotes":""},"class_list":["post-1090","page","type-page","status-publish","hentry"],"_links":{"self":[{"href":"https:\/\/alianzanorte.org\/index.php\/wp-json\/wp\/v2\/pages\/1090","targetHints":{"allow":["GET"]}}],"collection":[{"href":"https:\/\/alianzanorte.org\/index.php\/wp-json\/wp\/v2\/pages"}],"about":[{"href":"https:\/\/alianzanorte.org\/index.php\/wp-json\/wp\/v2\/types\/page"}],"author":[{"embeddable":true,"href":"https:\/\/alianzanorte.org\/index.php\/wp-json\/wp\/v2\/users\/1"}],"replies":[{"embeddable":true,"href":"https:\/\/alianzanorte.org\/index.php\/wp-json\/wp\/v2\/comments?post=1090"}],"version-history":[{"count":24,"href":"https:\/\/alianzanorte.org\/index.php\/wp-json\/wp\/v2\/pages\/1090\/revisions"}],"predecessor-version":[{"id":2224,"href":"https:\/\/alianzanorte.org\/index.php\/wp-json\/wp\/v2\/pages\/1090\/revisions\/2224"}],"wp:attachment":[{"href":"https:\/\/alianzanorte.org\/index.php\/wp-json\/wp\/v2\/media?parent=1090"}],"curies":[{"name":"wp","href":"https:\/\/api.w.org\/{rel}","templated":true}]}}